{"id":4628,"date":"2024-08-05T23:33:48","date_gmt":"2024-08-05T23:33:48","guid":{"rendered":"https:\/\/irarecentres.org\/trouver-une-communaute\/"},"modified":"2025-01-23T23:37:17","modified_gmt":"2025-01-23T23:37:17","slug":"trouver-une-communaute","status":"publish","type":"page","link":"https:\/\/irarecentres.org\/fr\/trouver-une-communaute\/","title":{"rendered":"Trouver une communaut\u00e9"},"content":{"rendered":"\t\t<div data-elementor-type=\"wp-page\" data-elementor-id=\"4628\" class=\"elementor elementor-4628 elementor-2862\">\n\t\t\t\t<div class=\"elementor-element elementor-element-8d76635 e-flex e-con-boxed e-con e-parent\" data-id=\"8d76635\" data-element_type=\"container\">\n\t\t\t\t\t<div class=\"e-con-inner\">\n\t\t\t\t<div class=\"elementor-element elementor-element-909e5b6 elementor-widget elementor-widget-spacer\" data-id=\"909e5b6\" data-element_type=\"widget\" data-widget_type=\"spacer.default\">\n\t\t\t\t<div class=\"elementor-widget-container\">\n\t\t\t\t\t\t\t<div class=\"elementor-spacer\">\n\t\t\t<div class=\"elementor-spacer-inner\"><\/div>\n\t\t<\/div>\n\t\t\t\t\t\t<\/div>\n\t\t\t\t<\/div>\n\t\t\t\t<div class=\"elementor-element elementor-element-87e098c elementor-widget elementor-widget-heading\" data-id=\"87e098c\" data-element_type=\"widget\" data-widget_type=\"heading.default\">\n\t\t\t\t<div class=\"elementor-widget-container\">\n\t\t\t\t\t<h2 class=\"elementor-heading-title elementor-size-default\">TROUVER UNE COMMUNAUT\u00c9 DE SOUTIEN<\/h2>\t\t\t\t<\/div>\n\t\t\t\t<\/div>\n\t\t\t\t<div class=\"elementor-element elementor-element-86ffa37 elementor-widget elementor-widget-spacer\" data-id=\"86ffa37\" data-element_type=\"widget\" data-widget_type=\"spacer.default\">\n\t\t\t\t<div class=\"elementor-widget-container\">\n\t\t\t\t\t\t\t<div class=\"elementor-spacer\">\n\t\t\t<div class=\"elementor-spacer-inner\"><\/div>\n\t\t<\/div>\n\t\t\t\t\t\t<\/div>\n\t\t\t\t<\/div>\n\t\t\t\t\t<\/div>\n\t\t\t\t<\/div>\n\t\t<div class=\"elementor-element elementor-element-9114f83 e-flex e-con-boxed e-con e-parent\" data-id=\"9114f83\" data-element_type=\"container\">\n\t\t\t\t\t<div class=\"e-con-inner\">\n\t\t\t\t<div class=\"elementor-element elementor-element-ec377d8 elementor-widget elementor-widget-heading\" data-id=\"ec377d8\" data-element_type=\"widget\" data-widget_type=\"heading.default\">\n\t\t\t\t<div class=\"elementor-widget-container\">\n\t\t\t\t\t<h3 class=\"elementor-heading-title elementor-size-default\">TROUVER D'AUTRES PERSONNES OU UNE COMMUNAUT\u00c9<\/h3>\t\t\t\t<\/div>\n\t\t\t\t<\/div>\n\t\t\t\t\t<\/div>\n\t\t\t\t<\/div>\n\t\t<div class=\"elementor-element elementor-element-301e5ab e-grid e-con-boxed e-con e-parent\" data-id=\"301e5ab\" data-element_type=\"container\">\n\t\t\t\t\t<div class=\"e-con-inner\">\n\t\t\t\t<div class=\"elementor-element elementor-element-0035482 elementor-widget elementor-widget-text-editor\" data-id=\"0035482\" data-element_type=\"widget\" data-widget_type=\"text-editor.default\">\n\t\t\t\t<div class=\"elementor-widget-container\">\n\t\t\t\t\t\t\t\t\t<p>Pour trouver une association de maladies rares au Canada, consultez notre r\u00e9pertoire<\/p>\n\t\t\t\t\t\t\t\t<\/div>\n\t\t\t\t<\/div>\n\t\t\t\t<div class=\"elementor-element elementor-element-19efe2e elementor-widget elementor-widget-text-editor\" data-id=\"19efe2e\" data-element_type=\"widget\" data-widget_type=\"text-editor.default\">\n\t\t\t\t<div class=\"elementor-widget-container\">\n\t\t\t\t\t\t\t\t\t<p>Si vous souhaitez entrer en contact avec une personne ou une famille au Canada qui souffre de la m\u00eame maladie rare (ou d&rsquo;une maladie similaire)<\/p>\n\t\t\t\t\t\t\t\t<\/div>\n\t\t\t\t<\/div>\n\t\t\t\t\t<\/div>\n\t\t\t\t<\/div>\n\t\t<div class=\"elementor-element elementor-element-7ea42f8 e-grid e-con-boxed e-con e-parent\" data-id=\"7ea42f8\" data-element_type=\"container\">\n\t\t\t\t\t<div class=\"e-con-inner\">\n\t\t\t\t<div class=\"elementor-element elementor-element-0085bcd elementor-widget elementor-widget-button\" data-id=\"0085bcd\" data-element_type=\"widget\" data-widget_type=\"button.default\">\n\t\t\t\t<div class=\"elementor-widget-container\">\n\t\t\t\t\t\t\t\t\t<div class=\"elementor-button-wrapper\">\n\t\t\t\t\t<a class=\"elementor-button elementor-button-link elementor-size-sm\" href=\"https:\/\/irarecentres.org\/fr\/repertoire-des-associations-de-patients\/\">\n\t\t\t\t\t\t<span class=\"elementor-button-content-wrapper\">\n\t\t\t\t\t\t\t\t\t<span class=\"elementor-button-text\">ASSOCIATIONS DE MALADIES RARES<\/span>\n\t\t\t\t\t<\/span>\n\t\t\t\t\t<\/a>\n\t\t\t\t<\/div>\n\t\t\t\t\t\t\t\t<\/div>\n\t\t\t\t<\/div>\n\t\t\t\t<div class=\"elementor-element elementor-element-ed8f835 elementor-widget elementor-widget-button\" data-id=\"ed8f835\" data-element_type=\"widget\" data-widget_type=\"button.default\">\n\t\t\t\t<div class=\"elementor-widget-container\">\n\t\t\t\t\t\t\t\t\t<div class=\"elementor-button-wrapper\">\n\t\t\t\t\t<a class=\"elementor-button elementor-button-link elementor-size-sm\" href=\"https:\/\/irarecentres.org\/fr\/service-de-jumelage\/\">\n\t\t\t\t\t\t<span class=\"elementor-button-content-wrapper\">\n\t\t\t\t\t\t\t\t\t<span class=\"elementor-button-text\">NOTRE SERVICE D'APPARIEMENT<\/span>\n\t\t\t\t\t<\/span>\n\t\t\t\t\t<\/a>\n\t\t\t\t<\/div>\n\t\t\t\t\t\t\t\t<\/div>\n\t\t\t\t<\/div>\n\t\t\t\t\t<\/div>\n\t\t\t\t<\/div>\n\t\t<div class=\"elementor-element elementor-element-00c4918 e-flex e-con-boxed e-con e-parent\" data-id=\"00c4918\" data-element_type=\"container\">\n\t\t\t\t\t<div class=\"e-con-inner\">\n\t\t\t\t<div class=\"elementor-element elementor-element-e7bc41c elementor-widget elementor-widget-spacer\" data-id=\"e7bc41c\" data-element_type=\"widget\" data-widget_type=\"spacer.default\">\n\t\t\t\t<div class=\"elementor-widget-container\">\n\t\t\t\t\t\t\t<div class=\"elementor-spacer\">\n\t\t\t<div class=\"elementor-spacer-inner\"><\/div>\n\t\t<\/div>\n\t\t\t\t\t\t<\/div>\n\t\t\t\t<\/div>\n\t\t\t\t<div class=\"elementor-element elementor-element-af347af elementor-widget elementor-widget-text-editor\" data-id=\"af347af\" data-element_type=\"widget\" data-widget_type=\"text-editor.default\">\n\t\t\t\t<div class=\"elementor-widget-container\">\n\t\t\t\t\t\t\t\t\t<div class=\"elementor-element elementor-element-19caa08 elementor-widget elementor-widget-text-editor\" data-id=\"19caa08\" data-element_type=\"widget\" data-widget_type=\"text-editor.default\">\n<div class=\"elementor-widget-container\">\n<h4>Des forums sur les maladies rares pour \u00e9changer avec votre communaut\u00e9 (international)<\/h4>\n<ul>\n<li><a href=\"https:\/\/rareshare.org\/\" target=\"_blank\" rel=\"noopener\">RareShare<\/a><\/li>\n<li><a href=\"https:\/\/www.inspire.com\/\" target=\"_blank\" rel=\"noopener\">Inspirer<\/a><\/li>\n<li><a href=\"https:\/\/www.patientslikeme.com\/\" target=\"_blank\" rel=\"noopener\">Patientslikeme<\/a><\/li>\n<\/ul>\n<h4>Associations de patients dans le domaine des maladies rares et orphelines<\/h4>\n<p>Canada<\/p>\n<ul>\n<li><a href=\"http:\/\/www.raredisorders.ca\/\" target=\"_blank\" rel=\"noopener\">Canadian Organiztion for Rare Disorders (CORD)<\/a><\/li>\n<li><a href=\"https:\/\/rqmo.org\/en\/\" target=\"_blank\" rel=\"noopener\">Regroupement qu\u00e9b\u00e9cois des maladies orphelines\/Quebec Coalition of Orphan Diseases<\/a><\/li>\n<li><a href=\"https:\/\/rqmo.org\/\" target=\"_blank\" rel=\"noopener\">Centre iRARE du Qu\u00e9bec<\/a><\/li>\n<li><a href=\"https:\/\/www.rarediseasefoundation.org\/\" target=\"_blank\" rel=\"noopener\">B.C. Rare Disease Foundation<\/a><\/li>\n<li><a href=\"https:\/\/rdna.ca\/support-for-rare-disease\/\">Rare Disease Network of Alberta<\/a><\/li>\n<li><a href=\"https:\/\/canadianrdn.ca\/\" target=\"_blank\" rel=\"noopener\">R\u00e9seau canadien des maladies rares<\/a><\/li>\n<\/ul>\n<p>Autres pays<\/p>\n<ul>\n<li><a href=\"https:\/\/www.eurordis.org\/fr\/\" target=\"_blank\" rel=\"noopener\">EURORDIS<\/a> (Europe)<\/li>\n<li><a href=\"http:\/\/www.alliance-maladies-rares.org\/\" target=\"_blank\" rel=\"noopener\">Alliance Maladies Rares<\/a> (France)<\/li>\n<li class=\"ds-c-list__list-item\"><a href=\"http:\/\/www.maladiesraresinfo.org\/\" target=\"_blank\" rel=\"noopener\">Maladies rares info services<\/a> (France)<\/li>\n<li><a href=\"http:\/\/www.rarediseases.org\/\" target=\"_blank\" rel=\"noopener\">National Organization for Rare Disorders (NORD)<\/a> (\u00c9tats-Unis)<\/li>\n<li><a href=\"http:\/\/www.geneticalliance.org\/\" target=\"_blank\" rel=\"noopener\">Genetic Alliance<\/a> (\u00c9tats-Unis)<\/li>\n<li><a href=\"https:\/\/globalgenes.org\/\" target=\"_blank\" rel=\"noopener\">Global Genes<\/a> (\u00c9tats-Unis)<\/li>\n<li><a href=\"http:\/\/www.geneticalliance.org.uk\/\" target=\"_blank\" rel=\"noopener\">Genetic Alliance<\/a> (Royaume-Uni)<\/li>\n<li><a href=\"https:\/\/www.rarediseasesinternational.org\/\" target=\"_blank\" rel=\"noopener\">Rare Diseases International<\/a><\/li>\n<\/ul>\n<\/div>\n<\/div>\n\t\t\t\t\t\t\t\t<\/div>\n\t\t\t\t<\/div>\n\t\t\t\t\t<\/div>\n\t\t\t\t<\/div>\n\t\t<div class=\"elementor-element elementor-element-f587eb0 e-flex e-con-boxed e-con e-parent\" data-id=\"f587eb0\" data-element_type=\"container\">\n\t\t\t\t\t<div class=\"e-con-inner\">\n\t\t\t\t<div class=\"elementor-element elementor-element-c99a7e3 elementor-widget elementor-widget-spacer\" data-id=\"c99a7e3\" data-element_type=\"widget\" data-widget_type=\"spacer.default\">\n\t\t\t\t<div class=\"elementor-widget-container\">\n\t\t\t\t\t\t\t<div class=\"elementor-spacer\">\n\t\t\t<div class=\"elementor-spacer-inner\"><\/div>\n\t\t<\/div>\n\t\t\t\t\t\t<\/div>\n\t\t\t\t<\/div>\n\t\t\t\t\t<\/div>\n\t\t\t\t<\/div>\n\t\t\t\t<\/div>\n\t\t","protected":false},"excerpt":{"rendered":"<p>TROUVER UNE COMMUNAUT\u00c9 DE SOUTIEN TROUVER D&rsquo;AUTRES PERSONNES OU UNE COMMUNAUT\u00c9 Pour trouver une association de maladies rares au Canada, consultez notre r\u00e9pertoire Si vous souhaitez entrer en contact avec une personne ou une famille au Canada qui souffre de la m\u00eame maladie rare (ou d&rsquo;une maladie similaire) ASSOCIATIONS DE MALADIES RARES NOTRE SERVICE D&rsquo;APPARIEMENT [&hellip;]<\/p>\n","protected":false},"author":1,"featured_media":0,"parent":0,"menu_order":0,"comment_status":"closed","ping_status":"closed","template":"","meta":{"_uag_custom_page_level_css":"","site-sidebar-layout":"no-sidebar","site-content-layout":"page-builder","ast-site-content-layout":"full-width-container","site-content-style":"default","site-sidebar-style":"default","ast-global-header-display":"","ast-banner-title-visibility":"","ast-main-header-display":"","ast-hfb-above-header-display":"","ast-hfb-below-header-display":"","ast-hfb-mobile-header-display":"","site-post-title":"disabled","ast-breadcrumbs-content":"","ast-featured-img":"disabled","footer-sml-layout":"","theme-transparent-header-meta":"default","adv-header-id-meta":"","stick-header-meta":"","header-above-stick-meta":"","header-main-stick-meta":"","header-below-stick-meta":"","astra-migrate-meta-layouts":"default","ast-page-background-enabled":"default","ast-page-background-meta":{"desktop":{"background-color":"var(--ast-global-color-4)","background-image":"","background-repeat":"repeat","background-position":"center center","background-size":"auto","background-attachment":"scroll","background-type":"","background-media":"","overlay-type":"","overlay-color":"","overlay-opacity":"","overlay-gradient":""},"tablet":{"background-color":"","background-image":"","background-repeat":"repeat","background-position":"center center","background-size":"auto","background-attachment":"scroll","background-type":"","background-media":"","overlay-type":"","overlay-color":"","overlay-opacity":"","overlay-gradient":""},"mobile":{"background-color":"","background-image":"","background-repeat":"repeat","background-position":"center center","background-size":"auto","background-attachment":"scroll","background-type":"","background-media":"","overlay-type":"","overlay-color":"","overlay-opacity":"","overlay-gradient":""}},"ast-content-background-meta":{"desktop":{"background-color":"var(--ast-global-color-5)","background-image":"","background-repeat":"repeat","background-position":"center center","background-size":"auto","background-attachment":"scroll","background-type":"","background-media":"","overlay-type":"","overlay-color":"","overlay-opacity":"","overlay-gradient":""},"tablet":{"background-color":"var(--ast-global-color-5)","background-image":"","background-repeat":"repeat","background-position":"center center","background-size":"auto","background-attachment":"scroll","background-type":"","background-media":"","overlay-type":"","overlay-color":"","overlay-opacity":"","overlay-gradient":""},"mobile":{"background-color":"var(--ast-global-color-5)","background-image":"","background-repeat":"repeat","background-position":"center center","background-size":"auto","background-attachment":"scroll","background-type":"","background-media":"","overlay-type":"","overlay-color":"","overlay-opacity":"","overlay-gradient":""}},"footnotes":""},"class_list":["post-4628","page","type-page","status-publish","hentry"],"yoast_head":"<!-- This site is optimized with the Yoast SEO plugin v26.5 - https:\/\/yoast.com\/wordpress\/plugins\/seo\/ -->\n<title>Trouver une communaut\u00e9 - iRare Centres<\/title>\n<meta name=\"robots\" content=\"index, follow, max-snippet:-1, max-image-preview:large, max-video-preview:-1\" \/>\n<link rel=\"canonical\" href=\"https:\/\/irarecentres.org\/fr\/trouver-une-communaute\/\" \/>\n<meta property=\"og:locale\" content=\"fr_FR\" \/>\n<meta property=\"og:type\" content=\"article\" \/>\n<meta property=\"og:title\" content=\"Trouver une communaut\u00e9 - iRare Centres\" \/>\n<meta property=\"og:description\" content=\"TROUVER UNE COMMUNAUT\u00c9 DE SOUTIEN TROUVER D&rsquo;AUTRES PERSONNES OU UNE COMMUNAUT\u00c9 Pour trouver une association de maladies rares au Canada, consultez notre r\u00e9pertoire Si vous souhaitez entrer en contact avec une personne ou une famille au Canada qui souffre de la m\u00eame maladie rare (ou d&rsquo;une maladie similaire) ASSOCIATIONS DE MALADIES RARES NOTRE SERVICE D&rsquo;APPARIEMENT [&hellip;]\" \/>\n<meta property=\"og:url\" content=\"https:\/\/irarecentres.org\/fr\/trouver-une-communaute\/\" \/>\n<meta property=\"og:site_name\" content=\"iRare Centres\" \/>\n<meta property=\"article:modified_time\" content=\"2025-01-23T23:37:17+00:00\" \/>\n<meta name=\"twitter:card\" content=\"summary_large_image\" \/>\n<meta name=\"twitter:label1\" content=\"Dur\u00e9e de lecture estim\u00e9e\" \/>\n\t<meta name=\"twitter:data1\" content=\"1 minute\" \/>\n<script type=\"application\/ld+json\" class=\"yoast-schema-graph\">{\"@context\":\"https:\/\/schema.org\",\"@graph\":[{\"@type\":\"WebPage\",\"@id\":\"https:\/\/irarecentres.org\/fr\/trouver-une-communaute\/\",\"url\":\"https:\/\/irarecentres.org\/fr\/trouver-une-communaute\/\",\"name\":\"Trouver une communaut\u00e9 - iRare Centres\",\"isPartOf\":{\"@id\":\"https:\/\/irarecentres.org\/#website\"},\"datePublished\":\"2024-08-05T23:33:48+00:00\",\"dateModified\":\"2025-01-23T23:37:17+00:00\",\"breadcrumb\":{\"@id\":\"https:\/\/irarecentres.org\/fr\/trouver-une-communaute\/#breadcrumb\"},\"inLanguage\":\"fr-FR\",\"potentialAction\":[{\"@type\":\"ReadAction\",\"target\":[\"https:\/\/irarecentres.org\/fr\/trouver-une-communaute\/\"]}]},{\"@type\":\"BreadcrumbList\",\"@id\":\"https:\/\/irarecentres.org\/fr\/trouver-une-communaute\/#breadcrumb\",\"itemListElement\":[{\"@type\":\"ListItem\",\"position\":1,\"name\":\"Accueil\",\"item\":\"https:\/\/irarecentres.org\/fr\/\"},{\"@type\":\"ListItem\",\"position\":2,\"name\":\"Trouver une communaut\u00e9\"}]},{\"@type\":\"WebSite\",\"@id\":\"https:\/\/irarecentres.org\/#website\",\"url\":\"https:\/\/irarecentres.org\/\",\"name\":\"iRare Centres\",\"description\":\"\",\"publisher\":{\"@id\":\"https:\/\/irarecentres.org\/#organization\"},\"potentialAction\":[{\"@type\":\"SearchAction\",\"target\":{\"@type\":\"EntryPoint\",\"urlTemplate\":\"https:\/\/irarecentres.org\/?s={search_term_string}\"},\"query-input\":{\"@type\":\"PropertyValueSpecification\",\"valueRequired\":true,\"valueName\":\"search_term_string\"}}],\"inLanguage\":\"fr-FR\"},{\"@type\":\"Organization\",\"@id\":\"https:\/\/irarecentres.org\/#organization\",\"name\":\"iRare Centres\",\"url\":\"https:\/\/irarecentres.org\/\",\"logo\":{\"@type\":\"ImageObject\",\"inLanguage\":\"fr-FR\",\"@id\":\"https:\/\/irarecentres.org\/#\/schema\/logo\/image\/\",\"url\":\"https:\/\/irarecentres.org\/wp-content\/uploads\/2024\/08\/cropped-Logo-anglais-3.png\",\"contentUrl\":\"https:\/\/irarecentres.org\/wp-content\/uploads\/2024\/08\/cropped-Logo-anglais-3.png\",\"width\":329,\"height\":165,\"caption\":\"iRare Centres\"},\"image\":{\"@id\":\"https:\/\/irarecentres.org\/#\/schema\/logo\/image\/\"}}]}<\/script>\n<!-- \/ Yoast SEO plugin. -->","yoast_head_json":{"title":"Trouver une communaut\u00e9 - iRare Centres","robots":{"index":"index","follow":"follow","max-snippet":"max-snippet:-1","max-image-preview":"max-image-preview:large","max-video-preview":"max-video-preview:-1"},"canonical":"https:\/\/irarecentres.org\/fr\/trouver-une-communaute\/","og_locale":"fr_FR","og_type":"article","og_title":"Trouver une communaut\u00e9 - iRare Centres","og_description":"TROUVER UNE COMMUNAUT\u00c9 DE SOUTIEN TROUVER D&rsquo;AUTRES PERSONNES OU UNE COMMUNAUT\u00c9 Pour trouver une association de maladies rares au Canada, consultez notre r\u00e9pertoire Si vous souhaitez entrer en contact avec une personne ou une famille au Canada qui souffre de la m\u00eame maladie rare (ou d&rsquo;une maladie similaire) ASSOCIATIONS DE MALADIES RARES NOTRE SERVICE D&rsquo;APPARIEMENT [&hellip;]","og_url":"https:\/\/irarecentres.org\/fr\/trouver-une-communaute\/","og_site_name":"iRare Centres","article_modified_time":"2025-01-23T23:37:17+00:00","twitter_card":"summary_large_image","twitter_misc":{"Dur\u00e9e de lecture estim\u00e9e":"1 minute"},"schema":{"@context":"https:\/\/schema.org","@graph":[{"@type":"WebPage","@id":"https:\/\/irarecentres.org\/fr\/trouver-une-communaute\/","url":"https:\/\/irarecentres.org\/fr\/trouver-une-communaute\/","name":"Trouver une communaut\u00e9 - iRare Centres","isPartOf":{"@id":"https:\/\/irarecentres.org\/#website"},"datePublished":"2024-08-05T23:33:48+00:00","dateModified":"2025-01-23T23:37:17+00:00","breadcrumb":{"@id":"https:\/\/irarecentres.org\/fr\/trouver-une-communaute\/#breadcrumb"},"inLanguage":"fr-FR","potentialAction":[{"@type":"ReadAction","target":["https:\/\/irarecentres.org\/fr\/trouver-une-communaute\/"]}]},{"@type":"BreadcrumbList","@id":"https:\/\/irarecentres.org\/fr\/trouver-une-communaute\/#breadcrumb","itemListElement":[{"@type":"ListItem","position":1,"name":"Accueil","item":"https:\/\/irarecentres.org\/fr\/"},{"@type":"ListItem","position":2,"name":"Trouver une communaut\u00e9"}]},{"@type":"WebSite","@id":"https:\/\/irarecentres.org\/#website","url":"https:\/\/irarecentres.org\/","name":"iRare Centres","description":"","publisher":{"@id":"https:\/\/irarecentres.org\/#organization"},"potentialAction":[{"@type":"SearchAction","target":{"@type":"EntryPoint","urlTemplate":"https:\/\/irarecentres.org\/?s={search_term_string}"},"query-input":{"@type":"PropertyValueSpecification","valueRequired":true,"valueName":"search_term_string"}}],"inLanguage":"fr-FR"},{"@type":"Organization","@id":"https:\/\/irarecentres.org\/#organization","name":"iRare Centres","url":"https:\/\/irarecentres.org\/","logo":{"@type":"ImageObject","inLanguage":"fr-FR","@id":"https:\/\/irarecentres.org\/#\/schema\/logo\/image\/","url":"https:\/\/irarecentres.org\/wp-content\/uploads\/2024\/08\/cropped-Logo-anglais-3.png","contentUrl":"https:\/\/irarecentres.org\/wp-content\/uploads\/2024\/08\/cropped-Logo-anglais-3.png","width":329,"height":165,"caption":"iRare Centres"},"image":{"@id":"https:\/\/irarecentres.org\/#\/schema\/logo\/image\/"}}]}},"uagb_featured_image_src":{"full":false,"thumbnail":false,"medium":false,"medium_large":false,"large":false,"1536x1536":false,"2048x2048":false},"uagb_author_info":{"display_name":"admin","author_link":"https:\/\/irarecentres.org\/fr\/author\/admin\/"},"uagb_comment_info":0,"uagb_excerpt":"TROUVER UNE COMMUNAUT\u00c9 DE SOUTIEN TROUVER D&rsquo;AUTRES PERSONNES OU UNE COMMUNAUT\u00c9 Pour trouver une association de maladies rares au Canada, consultez notre r\u00e9pertoire Si vous souhaitez entrer en contact avec une personne ou une famille au Canada qui souffre de la m\u00eame maladie rare (ou d&rsquo;une maladie similaire) ASSOCIATIONS DE MALADIES RARES NOTRE SERVICE D&rsquo;APPARIEMENT\u2026","_links":{"self":[{"href":"https:\/\/irarecentres.org\/fr\/wp-json\/wp\/v2\/pages\/4628","targetHints":{"allow":["GET"]}}],"collection":[{"href":"https:\/\/irarecentres.org\/fr\/wp-json\/wp\/v2\/pages"}],"about":[{"href":"https:\/\/irarecentres.org\/fr\/wp-json\/wp\/v2\/types\/page"}],"author":[{"embeddable":true,"href":"https:\/\/irarecentres.org\/fr\/wp-json\/wp\/v2\/users\/1"}],"replies":[{"embeddable":true,"href":"https:\/\/irarecentres.org\/fr\/wp-json\/wp\/v2\/comments?post=4628"}],"version-history":[{"count":1,"href":"https:\/\/irarecentres.org\/fr\/wp-json\/wp\/v2\/pages\/4628\/revisions"}],"predecessor-version":[{"id":4629,"href":"https:\/\/irarecentres.org\/fr\/wp-json\/wp\/v2\/pages\/4628\/revisions\/4629"}],"wp:attachment":[{"href":"https:\/\/irarecentres.org\/fr\/wp-json\/wp\/v2\/media?parent=4628"}],"curies":[{"name":"wp","href":"https:\/\/api.w.org\/{rel}","templated":true}]}}