{"id":4619,"date":"2024-07-22T23:46:41","date_gmt":"2024-07-22T23:46:41","guid":{"rendered":"https:\/\/irarecentres.org\/ressources-du-quebec\/"},"modified":"2025-01-23T23:30:18","modified_gmt":"2025-01-23T23:30:18","slug":"ressources-du-quebec","status":"publish","type":"page","link":"https:\/\/irarecentres.org\/fr\/ressources-du-quebec\/","title":{"rendered":"Ressources du Qu\u00e9bec"},"content":{"rendered":"\t\t<div data-elementor-type=\"wp-page\" data-elementor-id=\"4619\" class=\"elementor elementor-4619 elementor-2737\">\n\t\t\t\t<div class=\"elementor-element elementor-element-1449f49 e-flex e-con-boxed e-con e-parent\" data-id=\"1449f49\" data-element_type=\"container\">\n\t\t\t\t\t<div class=\"e-con-inner\">\n\t\t\t\t<div class=\"elementor-element elementor-element-f1e27bc elementor-widget elementor-widget-spacer\" data-id=\"f1e27bc\" data-element_type=\"widget\" data-widget_type=\"spacer.default\">\n\t\t\t\t<div class=\"elementor-widget-container\">\n\t\t\t\t\t\t\t<div class=\"elementor-spacer\">\n\t\t\t<div class=\"elementor-spacer-inner\"><\/div>\n\t\t<\/div>\n\t\t\t\t\t\t<\/div>\n\t\t\t\t<\/div>\n\t\t\t\t\t<\/div>\n\t\t\t\t<\/div>\n\t\t<div class=\"elementor-element elementor-element-fc0a844 e-flex e-con-boxed e-con e-parent\" data-id=\"fc0a844\" data-element_type=\"container\">\n\t\t\t\t\t<div class=\"e-con-inner\">\n\t\t\t\t<div class=\"elementor-element elementor-element-0f27986 elementor-widget elementor-widget-heading\" data-id=\"0f27986\" data-element_type=\"widget\" data-widget_type=\"heading.default\">\n\t\t\t\t<div class=\"elementor-widget-container\">\n\t\t\t\t\t<h4 class=\"elementor-heading-title elementor-size-default\"><a href=\"https:\/\/rqmo.org\/repertoire-de-ressources-gouvernementales-communautaires-et-autres\/\" target=\"_blank\">Pour les ressources du Qu\u00e9bec, nous vous renvoyons au site web du RQMO.<\/a><\/h4>\t\t\t\t<\/div>\n\t\t\t\t<\/div>\n\t\t\t\t<div class=\"elementor-element elementor-element-89ca125 elementor-widget elementor-widget-text-editor\" data-id=\"89ca125\" data-element_type=\"widget\" data-widget_type=\"text-editor.default\">\n\t\t\t\t<div class=\"elementor-widget-container\">\n\t\t\t\t\t\t\t\t\t<p><a href=\"https:\/\/rqmo.org\/repertoire-de-ressources-gouvernementales-communautaires-et-autres\/\" target=\"_blank\" rel=\"noopener\">R\u00e9pertoire de ressources gouvernementales, communautaires et autres<\/a><\/p>\n\t\t\t\t\t\t\t\t<\/div>\n\t\t\t\t<\/div>\n\t\t\t\t\t<\/div>\n\t\t\t\t<\/div>\n\t\t<div class=\"elementor-element elementor-element-c7af69c e-flex e-con-boxed e-con e-parent\" data-id=\"c7af69c\" data-element_type=\"container\">\n\t\t\t\t\t<div class=\"e-con-inner\">\n\t\t\t\t<div class=\"elementor-element elementor-element-0489c88 elementor-widget elementor-widget-text-editor\" data-id=\"0489c88\" data-element_type=\"widget\" data-widget_type=\"text-editor.default\">\n\t\t\t\t<div class=\"elementor-widget-container\">\n\t\t\t\t\t\t\t\t\t<p>Pour plus de ressources, consultez \u00e9galement notre r\u00e9pertoire des services offerts par le gouvernement du Canada et ceux des organisations communautaires au service de tous les Canadiens.<strong> <a href=\"https:\/\/irarecentres.org\/directories-of-government-and-community-resources\/\" target=\"_blank\" rel=\"noopener\">Voir ici.<\/a><\/strong><\/p>\n\t\t\t\t\t\t\t\t<\/div>\n\t\t\t\t<\/div>\n\t\t\t\t<div class=\"elementor-element elementor-element-8e4bc56 elementor-widget elementor-widget-spacer\" data-id=\"8e4bc56\" data-element_type=\"widget\" data-widget_type=\"spacer.default\">\n\t\t\t\t<div class=\"elementor-widget-container\">\n\t\t\t\t\t\t\t<div class=\"elementor-spacer\">\n\t\t\t<div class=\"elementor-spacer-inner\"><\/div>\n\t\t<\/div>\n\t\t\t\t\t\t<\/div>\n\t\t\t\t<\/div>\n\t\t\t\t\t<\/div>\n\t\t\t\t<\/div>\n\t\t\t\t<\/div>\n\t\t","protected":false},"excerpt":{"rendered":"<p>Pour les ressources du Qu\u00e9bec, nous vous renvoyons au site web du RQMO. R\u00e9pertoire de ressources gouvernementales, communautaires et autres Pour plus de ressources, consultez \u00e9galement notre r\u00e9pertoire des services offerts par le gouvernement du Canada et ceux des organisations communautaires au service de tous les Canadiens. Voir ici.<\/p>\n","protected":false},"author":1,"featured_media":0,"parent":0,"menu_order":0,"comment_status":"closed","ping_status":"closed","template":"","meta":{"_uag_custom_page_level_css":"","site-sidebar-layout":"no-sidebar","site-content-layout":"page-builder","ast-site-content-layout":"full-width-container","site-content-style":"default","site-sidebar-style":"default","ast-global-header-display":"","ast-banner-title-visibility":"","ast-main-header-display":"","ast-hfb-above-header-display":"","ast-hfb-below-header-display":"","ast-hfb-mobile-header-display":"","site-post-title":"disabled","ast-breadcrumbs-content":"","ast-featured-img":"disabled","footer-sml-layout":"","theme-transparent-header-meta":"default","adv-header-id-meta":"","stick-header-meta":"","header-above-stick-meta":"","header-main-stick-meta":"","header-below-stick-meta":"","astra-migrate-meta-layouts":"default","ast-page-background-enabled":"default","ast-page-background-meta":{"desktop":{"background-color":"var(--ast-global-color-4)","background-image":"","background-repeat":"repeat","background-position":"center center","background-size":"auto","background-attachment":"scroll","background-type":"","background-media":"","overlay-type":"","overlay-color":"","overlay-opacity":"","overlay-gradient":""},"tablet":{"background-color":"","background-image":"","background-repeat":"repeat","background-position":"center center","background-size":"auto","background-attachment":"scroll","background-type":"","background-media":"","overlay-type":"","overlay-color":"","overlay-opacity":"","overlay-gradient":""},"mobile":{"background-color":"","background-image":"","background-repeat":"repeat","background-position":"center center","background-size":"auto","background-attachment":"scroll","background-type":"","background-media":"","overlay-type":"","overlay-color":"","overlay-opacity":"","overlay-gradient":""}},"ast-content-background-meta":{"desktop":{"background-color":"var(--ast-global-color-5)","background-image":"","background-repeat":"repeat","background-position":"center center","background-size":"auto","background-attachment":"scroll","background-type":"","background-media":"","overlay-type":"","overlay-color":"","overlay-opacity":"","overlay-gradient":""},"tablet":{"background-color":"var(--ast-global-color-5)","background-image":"","background-repeat":"repeat","background-position":"center center","background-size":"auto","background-attachment":"scroll","background-type":"","background-media":"","overlay-type":"","overlay-color":"","overlay-opacity":"","overlay-gradient":""},"mobile":{"background-color":"var(--ast-global-color-5)","background-image":"","background-repeat":"repeat","background-position":"center center","background-size":"auto","background-attachment":"scroll","background-type":"","background-media":"","overlay-type":"","overlay-color":"","overlay-opacity":"","overlay-gradient":""}},"footnotes":""},"class_list":["post-4619","page","type-page","status-publish","hentry"],"yoast_head":"<!-- This site is optimized with the Yoast SEO plugin v26.5 - https:\/\/yoast.com\/wordpress\/plugins\/seo\/ -->\n<title>Ressources du Qu\u00e9bec - iRare Centres<\/title>\n<meta name=\"robots\" content=\"index, follow, max-snippet:-1, max-image-preview:large, max-video-preview:-1\" \/>\n<link rel=\"canonical\" href=\"https:\/\/irarecentres.org\/fr\/ressources-du-quebec\/\" \/>\n<meta property=\"og:locale\" content=\"fr_FR\" \/>\n<meta property=\"og:type\" content=\"article\" \/>\n<meta property=\"og:title\" content=\"Ressources du Qu\u00e9bec - iRare Centres\" \/>\n<meta property=\"og:description\" content=\"Pour les ressources du Qu\u00e9bec, nous vous renvoyons au site web du RQMO. R\u00e9pertoire de ressources gouvernementales, communautaires et autres Pour plus de ressources, consultez \u00e9galement notre r\u00e9pertoire des services offerts par le gouvernement du Canada et ceux des organisations communautaires au service de tous les Canadiens. Voir ici.\" \/>\n<meta property=\"og:url\" content=\"https:\/\/irarecentres.org\/fr\/ressources-du-quebec\/\" \/>\n<meta property=\"og:site_name\" content=\"iRare Centres\" \/>\n<meta property=\"article:modified_time\" content=\"2025-01-23T23:30:18+00:00\" \/>\n<meta name=\"twitter:card\" content=\"summary_large_image\" \/>\n<script type=\"application\/ld+json\" class=\"yoast-schema-graph\">{\"@context\":\"https:\/\/schema.org\",\"@graph\":[{\"@type\":\"WebPage\",\"@id\":\"https:\/\/irarecentres.org\/fr\/ressources-du-quebec\/\",\"url\":\"https:\/\/irarecentres.org\/fr\/ressources-du-quebec\/\",\"name\":\"Ressources du Qu\u00e9bec - iRare Centres\",\"isPartOf\":{\"@id\":\"https:\/\/irarecentres.org\/#website\"},\"datePublished\":\"2024-07-22T23:46:41+00:00\",\"dateModified\":\"2025-01-23T23:30:18+00:00\",\"breadcrumb\":{\"@id\":\"https:\/\/irarecentres.org\/fr\/ressources-du-quebec\/#breadcrumb\"},\"inLanguage\":\"fr-FR\",\"potentialAction\":[{\"@type\":\"ReadAction\",\"target\":[\"https:\/\/irarecentres.org\/fr\/ressources-du-quebec\/\"]}]},{\"@type\":\"BreadcrumbList\",\"@id\":\"https:\/\/irarecentres.org\/fr\/ressources-du-quebec\/#breadcrumb\",\"itemListElement\":[{\"@type\":\"ListItem\",\"position\":1,\"name\":\"Accueil\",\"item\":\"https:\/\/irarecentres.org\/fr\/\"},{\"@type\":\"ListItem\",\"position\":2,\"name\":\"Ressources du Qu\u00e9bec\"}]},{\"@type\":\"WebSite\",\"@id\":\"https:\/\/irarecentres.org\/#website\",\"url\":\"https:\/\/irarecentres.org\/\",\"name\":\"iRare Centres\",\"description\":\"\",\"publisher\":{\"@id\":\"https:\/\/irarecentres.org\/#organization\"},\"potentialAction\":[{\"@type\":\"SearchAction\",\"target\":{\"@type\":\"EntryPoint\",\"urlTemplate\":\"https:\/\/irarecentres.org\/?s={search_term_string}\"},\"query-input\":{\"@type\":\"PropertyValueSpecification\",\"valueRequired\":true,\"valueName\":\"search_term_string\"}}],\"inLanguage\":\"fr-FR\"},{\"@type\":\"Organization\",\"@id\":\"https:\/\/irarecentres.org\/#organization\",\"name\":\"iRare Centres\",\"url\":\"https:\/\/irarecentres.org\/\",\"logo\":{\"@type\":\"ImageObject\",\"inLanguage\":\"fr-FR\",\"@id\":\"https:\/\/irarecentres.org\/#\/schema\/logo\/image\/\",\"url\":\"https:\/\/irarecentres.org\/wp-content\/uploads\/2024\/08\/cropped-Logo-anglais-3.png\",\"contentUrl\":\"https:\/\/irarecentres.org\/wp-content\/uploads\/2024\/08\/cropped-Logo-anglais-3.png\",\"width\":329,\"height\":165,\"caption\":\"iRare Centres\"},\"image\":{\"@id\":\"https:\/\/irarecentres.org\/#\/schema\/logo\/image\/\"}}]}<\/script>\n<!-- \/ Yoast SEO plugin. -->","yoast_head_json":{"title":"Ressources du Qu\u00e9bec - iRare Centres","robots":{"index":"index","follow":"follow","max-snippet":"max-snippet:-1","max-image-preview":"max-image-preview:large","max-video-preview":"max-video-preview:-1"},"canonical":"https:\/\/irarecentres.org\/fr\/ressources-du-quebec\/","og_locale":"fr_FR","og_type":"article","og_title":"Ressources du Qu\u00e9bec - iRare Centres","og_description":"Pour les ressources du Qu\u00e9bec, nous vous renvoyons au site web du RQMO. R\u00e9pertoire de ressources gouvernementales, communautaires et autres Pour plus de ressources, consultez \u00e9galement notre r\u00e9pertoire des services offerts par le gouvernement du Canada et ceux des organisations communautaires au service de tous les Canadiens. Voir ici.","og_url":"https:\/\/irarecentres.org\/fr\/ressources-du-quebec\/","og_site_name":"iRare Centres","article_modified_time":"2025-01-23T23:30:18+00:00","twitter_card":"summary_large_image","schema":{"@context":"https:\/\/schema.org","@graph":[{"@type":"WebPage","@id":"https:\/\/irarecentres.org\/fr\/ressources-du-quebec\/","url":"https:\/\/irarecentres.org\/fr\/ressources-du-quebec\/","name":"Ressources du Qu\u00e9bec - iRare Centres","isPartOf":{"@id":"https:\/\/irarecentres.org\/#website"},"datePublished":"2024-07-22T23:46:41+00:00","dateModified":"2025-01-23T23:30:18+00:00","breadcrumb":{"@id":"https:\/\/irarecentres.org\/fr\/ressources-du-quebec\/#breadcrumb"},"inLanguage":"fr-FR","potentialAction":[{"@type":"ReadAction","target":["https:\/\/irarecentres.org\/fr\/ressources-du-quebec\/"]}]},{"@type":"BreadcrumbList","@id":"https:\/\/irarecentres.org\/fr\/ressources-du-quebec\/#breadcrumb","itemListElement":[{"@type":"ListItem","position":1,"name":"Accueil","item":"https:\/\/irarecentres.org\/fr\/"},{"@type":"ListItem","position":2,"name":"Ressources du Qu\u00e9bec"}]},{"@type":"WebSite","@id":"https:\/\/irarecentres.org\/#website","url":"https:\/\/irarecentres.org\/","name":"iRare Centres","description":"","publisher":{"@id":"https:\/\/irarecentres.org\/#organization"},"potentialAction":[{"@type":"SearchAction","target":{"@type":"EntryPoint","urlTemplate":"https:\/\/irarecentres.org\/?s={search_term_string}"},"query-input":{"@type":"PropertyValueSpecification","valueRequired":true,"valueName":"search_term_string"}}],"inLanguage":"fr-FR"},{"@type":"Organization","@id":"https:\/\/irarecentres.org\/#organization","name":"iRare Centres","url":"https:\/\/irarecentres.org\/","logo":{"@type":"ImageObject","inLanguage":"fr-FR","@id":"https:\/\/irarecentres.org\/#\/schema\/logo\/image\/","url":"https:\/\/irarecentres.org\/wp-content\/uploads\/2024\/08\/cropped-Logo-anglais-3.png","contentUrl":"https:\/\/irarecentres.org\/wp-content\/uploads\/2024\/08\/cropped-Logo-anglais-3.png","width":329,"height":165,"caption":"iRare Centres"},"image":{"@id":"https:\/\/irarecentres.org\/#\/schema\/logo\/image\/"}}]}},"uagb_featured_image_src":{"full":false,"thumbnail":false,"medium":false,"medium_large":false,"large":false,"1536x1536":false,"2048x2048":false},"uagb_author_info":{"display_name":"admin","author_link":"https:\/\/irarecentres.org\/fr\/author\/admin\/"},"uagb_comment_info":0,"uagb_excerpt":"Pour les ressources du Qu\u00e9bec, nous vous renvoyons au site web du RQMO. R\u00e9pertoire de ressources gouvernementales, communautaires et autres Pour plus de ressources, consultez \u00e9galement notre r\u00e9pertoire des services offerts par le gouvernement du Canada et ceux des organisations communautaires au service de tous les Canadiens. Voir ici.","_links":{"self":[{"href":"https:\/\/irarecentres.org\/fr\/wp-json\/wp\/v2\/pages\/4619","targetHints":{"allow":["GET"]}}],"collection":[{"href":"https:\/\/irarecentres.org\/fr\/wp-json\/wp\/v2\/pages"}],"about":[{"href":"https:\/\/irarecentres.org\/fr\/wp-json\/wp\/v2\/types\/page"}],"author":[{"embeddable":true,"href":"https:\/\/irarecentres.org\/fr\/wp-json\/wp\/v2\/users\/1"}],"replies":[{"embeddable":true,"href":"https:\/\/irarecentres.org\/fr\/wp-json\/wp\/v2\/comments?post=4619"}],"version-history":[{"count":1,"href":"https:\/\/irarecentres.org\/fr\/wp-json\/wp\/v2\/pages\/4619\/revisions"}],"predecessor-version":[{"id":4620,"href":"https:\/\/irarecentres.org\/fr\/wp-json\/wp\/v2\/pages\/4619\/revisions\/4620"}],"wp:attachment":[{"href":"https:\/\/irarecentres.org\/fr\/wp-json\/wp\/v2\/media?parent=4619"}],"curies":[{"name":"wp","href":"https:\/\/api.w.org\/{rel}","templated":true}]}}